{"id":16,"date":"2026-02-27T13:48:16","date_gmt":"2026-02-27T12:48:16","guid":{"rendered":"https:\/\/xn--usugibudowlanebolesawiec-w7dr.pl\/?page_id=16"},"modified":"2026-02-27T13:49:34","modified_gmt":"2026-02-27T12:49:34","slug":"polityka-prywatnosci","status":"publish","type":"page","link":"https:\/\/xn--usugibudowlanebolesawiec-w7dr.pl\/index.php\/polityka-prywatnosci\/","title":{"rendered":"polityka prywatno\u015bci"},"content":{"rendered":"\n<!doctype html>\n<html lang=\"pl\">\n<head>\n  <meta charset=\"utf-8\" \/>\n  <meta name=\"viewport\" content=\"width=device-width, initial-scale=1\" \/>\n  <meta name=\"theme-color\" content=\"#0f172a\" \/>\n  <meta name=\"description\" content=\"Polityka prywatno\u015bci \u2014 uslugibudowlaneboleslawiec.pl\" \/>\n  <title>Polityka prywatno\u015bci \u2014 Us\u0142ugibudowlaneboles\u0142awiec.pl<\/title>\n\n  <link rel=\"icon\" type=\"image\/png\" href=\"\/favicon.png\" \/>\n\n  <style>\n    :root{\n      --text: rgba(255,255,255,.92);\n      --muted: rgba(255,255,255,.72);\n      --accent: #f59e0b;\n      --shadow: 0 16px 60px rgba(0,0,0,.45);\n      --radius: 18px;\n      --radius2: 26px;\n      --max: 980px;\n      --font: ui-sans-serif, system-ui, -apple-system, Segoe UI, Roboto, Helvetica, Arial, \"Apple Color Emoji\",\"Segoe UI Emoji\";\n    }\n    *{ box-sizing:border-box; }\n    html{ scroll-behavior:smooth; }\n    body{\n      margin:0;\n      font-family: var(--font);\n      color: var(--text);\n      background:\n        radial-gradient(1200px 700px at 10% 0%, rgba(245,158,11,.24), transparent 55%),\n        radial-gradient(900px 600px at 95% 10%, rgba(251,113,133,.18), transparent 55%),\n        radial-gradient(900px 700px at 35% 95%, rgba(59,130,246,.12), transparent 55%),\n        linear-gradient(180deg, #070b13 0%, #0b1220 35%, #0b1220 100%);\n      overflow-x:hidden;\n    }\n    a{ color:inherit; text-decoration:none; }\n    .container{ width:min(var(--max), calc(100% - 40px)); margin-inline:auto; }\n\n    \/* Topbar *\/\n    .topbar{\n      position:sticky; top:0; z-index:50;\n      backdrop-filter: blur(10px);\n      background: rgba(10,15,28,.55);\n      border-bottom: 1px solid rgba(255,255,255,.08);\n    }\n    .topbar-inner{\n      display:flex; align-items:center; justify-content:space-between;\n      gap:16px;\n      padding:12px 0;\n    }\n    .brand{\n      display:flex; align-items:center; gap:12px;\n      min-width: 220px;\n    }\n    .logo{\n      width:40px; height:40px; border-radius:12px;\n      background: linear-gradient(145deg, rgba(245,158,11,.95), rgba(245,158,11,.55));\n      box-shadow: 0 10px 24px rgba(245,158,11,.25);\n      display:grid; place-items:center;\n      border: 1px solid rgba(255,255,255,.18);\n    }\n    .logo svg{ width:22px; height:22px; opacity:.95; }\n    .brand-title{ line-height:1.1; }\n    .brand-title b{ display:block; font-size:14px; letter-spacing:.2px; }\n    .brand-title span{ display:block; font-size:12px; color: var(--muted); }\n\n    .btn{\n      display:inline-flex; align-items:center; gap:10px;\n      padding: 10px 14px;\n      border-radius: 999px;\n      border: 1px solid rgba(255,255,255,.14);\n      background: rgba(255,255,255,.04);\n      color: var(--text);\n      font-size: 13px;\n      transition: .2s ease;\n      white-space:nowrap;\n    }\n    .btn:hover{ transform: translateY(-1px); background: rgba(255,255,255,.06); }\n    .btn.primary{\n      border-color: rgba(245,158,11,.35);\n      background: linear-gradient(145deg, rgba(245,158,11,.95), rgba(245,158,11,.65));\n      color: #0b1220;\n      font-weight: 700;\n      box-shadow: 0 14px 30px rgba(245,158,11,.25);\n    }\n\n    \/* Page *\/\n    main{ padding: 26px 0 36px; }\n    .card{\n      border-radius: var(--radius2);\n      background: linear-gradient(180deg, rgba(255,255,255,.07), rgba(255,255,255,.04));\n      border: 1px solid rgba(255,255,255,.10);\n      box-shadow: var(--shadow);\n      overflow:hidden;\n    }\n    .header{\n      padding: 22px 22px 14px;\n      border-bottom: 1px solid rgba(255,255,255,.08);\n      background: linear-gradient(180deg, rgba(245,158,11,.10), rgba(255,255,255,0));\n    }\n    .crumbs{\n      display:flex; flex-wrap:wrap; gap:8px;\n      font-size: 12.5px;\n      color: var(--muted);\n      margin-bottom: 10px;\n    }\n    .crumbs a{ color: rgba(255,255,255,.82); }\n    h1{\n      margin:0 0 6px;\n      font-size: clamp(22px, 2.6vw, 34px);\n      letter-spacing: -.4px;\n      line-height:1.15;\n    }\n    .sub{\n      margin:0;\n      color: var(--muted);\n      font-size: 13.5px;\n      line-height:1.6;\n      max-width: 75ch;\n    }\n\n    .content{\n      padding: 18px 22px 22px;\n      color: rgba(255,255,255,.86);\n      font-size: 14px;\n      line-height: 1.75;\n    }\n    .content h2{\n      margin: 18px 0 8px;\n      font-size: 16px;\n      letter-spacing: -.2px;\n      color: rgba(255,255,255,.92);\n    }\n    .content p{ margin: 8px 0; color: rgba(255,255,255,.82); }\n    .content ul{ margin: 8px 0 10px; padding-left: 18px; color: rgba(255,255,255,.82); }\n    .content li{ margin: 6px 0; }\n\n    .notice{\n      margin-top: 14px;\n      border-radius: 16px;\n      border: 1px solid rgba(245,158,11,.22);\n      background: rgba(245,158,11,.10);\n      padding: 12px 14px;\n      color: rgba(255,255,255,.86);\n      font-size: 13.5px;\n      line-height: 1.55;\n    }\n\n    footer{\n      padding: 18px 0 26px;\n      color: rgba(255,255,255,.64);\n      font-size:12.5px;\n      border-top: 1px solid rgba(255,255,255,.08);\n      margin-top: 18px;\n    }\n    footer .foot{\n      display:flex; flex-wrap:wrap; justify-content:space-between; gap:10px;\n      align-items:center;\n    }\n    .tiny-links{ display:flex; flex-wrap:wrap; gap:10px; }\n    .tiny-links a{ color: rgba(255,255,255,.64); }\n    .tiny-links a:hover{ color: rgba(255,255,255,.85); }\n\n    @media (max-width: 720px){\n      .container{ width: calc(100% - 28px); }\n      .header, .content{ padding-left: 16px; padding-right: 16px; }\n      .brand{ min-width:auto; }\n    }\n  <\/style>\n<\/head>\n\n<body>\n  <header class=\"topbar\">\n    <div class=\"container\">\n      <div class=\"topbar-inner\">\n        <a class=\"brand\" href=\"\/\" aria-label=\"Przejd\u017a na stron\u0119 g\u0142\u00f3wn\u0105\">\n          <div class=\"logo\" aria-hidden=\"true\">\n            <svg viewBox=\"0 0 24 24\" fill=\"none\">\n              <path d=\"M3 11.5L12 4l9 7.5\" stroke=\"rgba(11,18,32,.95)\" stroke-width=\"2\" stroke-linecap=\"round\" stroke-linejoin=\"round\"\/>\n              <path d=\"M6.5 10.8V20h11V10.8\" stroke=\"rgba(11,18,32,.95)\" stroke-width=\"2\" stroke-linecap=\"round\" stroke-linejoin=\"round\"\/>\n              <path d=\"M10 20v-6h4v6\" stroke=\"rgba(11,18,32,.95)\" stroke-width=\"2\" stroke-linecap=\"round\" stroke-linejoin=\"round\"\/>\n            <\/svg>\n          <\/div>\n          <div class=\"brand-title\">\n            <b>Us\u0142ugibudowlaneboles\u0142awiec.pl<\/b>\n            <span>Dachy \u2022 Elewacje \u2022 Wyko\u0144czenia<\/span>\n          <\/div>\n        <\/a>\n\n        <div style=\"display:flex; gap:10px; align-items:center; flex-wrap:wrap;\">\n          <a class=\"btn\" href=\"\/\">\u2190 Strona g\u0142\u00f3wna<\/a>\n          <a class=\"btn primary\" href=\"mailto:werjgdpajanusz1@gmail.com\">&#x2709;&#xfe0f; Napisz e-mail<\/a>\n        <\/div>\n      <\/div>\n    <\/div>\n  <\/header>\n\n  <main>\n    <div class=\"container\">\n      <article class=\"card\" aria-label=\"Polityka prywatno\u015bci\">\n        <div class=\"header\">\n          <div class=\"crumbs\">\n            <a href=\"\/\">Strona g\u0142\u00f3wna<\/a>\n            <span aria-hidden=\"true\">\/<\/span>\n            <span>Polityka prywatno\u015bci<\/span>\n          <\/div>\n          <h1>Polityka prywatno\u015bci<\/h1>\n          <p class=\"sub\">\n            Poni\u017cej przedstawiamy zasady przetwarzania danych osobowych oraz wykorzystywania plik\u00f3w cookies\n            w zwi\u0105zku z korzystaniem ze strony uslugibudowlaneboleslawiec.pl.\n          <\/p>\n        <\/div>\n\n        <div class=\"content\">\n          <h2>1. Informacje og\u00f3lne<\/h2>\n          <p>\n            Niniejsza Polityka Prywatno\u015bci okre\u015bla zasady przetwarzania danych osobowych oraz wykorzystywania plik\u00f3w cookies\n            w zwi\u0105zku z korzystaniem ze strony internetowej <b>uslugibudowlaneboleslawiec.pl<\/b>.\n          <\/p>\n\n          <h2>2. Administrator danych<\/h2>\n          <p>Administratorem danych osobowych jest:<\/p>\n          <p>\n            <b>JANUSZ ROSA FIRMA SPOKO<\/b><br \/>\n            NIP: <b>6121078352<\/b><br \/>\n            REGON: <b>389758712<\/b><br \/>\n            E-mail: <b>werjgdpajanusz1@gmail.com<\/b><br \/>\n          <\/p>\n          <p>\n            W sprawach zwi\u0105zanych z przetwarzaniem danych osobowych mo\u017cna kontaktowa\u0107 si\u0119 pod adresem e-mail wskazanym powy\u017cej.\n          <\/p>\n\n          <h2>3. Zakres przetwarzanych danych<\/h2>\n          <p>Administrator mo\u017ce przetwarza\u0107 nast\u0119puj\u0105ce dane:<\/p>\n          <ul>\n            <li>dane podane w wiadomo\u015bci e-mail (np. imi\u0119, numer telefonu, adres e-mail),<\/li>\n            <li>dane przekazane telefonicznie,<\/li>\n            <li>adres IP u\u017cytkownika oraz dane techniczne zapisywane automatycznie przez serwer (np. logi serwera).<\/li>\n          <\/ul>\n\n          <h2>4. Cele i podstawy prawne przetwarzania danych<\/h2>\n          <p>Dane osobowe przetwarzane s\u0105 w celu:<\/p>\n          <ul>\n            <li>udzielenia odpowiedzi na zapytanie przes\u0142ane e-mailem,<\/li>\n            <li>kontaktu telefonicznego w sprawie realizacji us\u0142ug,<\/li>\n            <li>realizacji us\u0142ug budowlanych oraz dzia\u0142a\u0144 przed zawarciem umowy,<\/li>\n            <li>zapewnienia prawid\u0142owego funkcjonowania strony i bezpiecze\u0144stwa.<\/li>\n          <\/ul>\n          <p>Podstaw\u0105 prawn\u0105 przetwarzania danych jest:<\/p>\n          <ul>\n            <li><b>art. 6 ust. 1 lit. b RODO<\/b> \u2013 dzia\u0142ania przed zawarciem umowy i realizacja umowy,<\/li>\n            <li><b>art. 6 ust. 1 lit. c RODO<\/b> \u2013 obowi\u0105zek prawny (np. rozliczenia),<\/li>\n            <li><b>art. 6 ust. 1 lit. f RODO<\/b> \u2013 prawnie uzasadniony interes Administratora (np. kontakt, dochodzenie roszcze\u0144, bezpiecze\u0144stwo serwisu).<\/li>\n          <\/ul>\n\n          <h2>5. Okres przechowywania danych<\/h2>\n          <p>Dane przechowywane s\u0105:<\/p>\n          <ul>\n            <li>przez czas trwania korespondencji,<\/li>\n            <li>przez okres realizacji umowy i rozlicze\u0144,<\/li>\n            <li>przez okres wymagany przepisami prawa (np. podatkowymi),<\/li>\n            <li>do czasu wniesienia sprzeciwu \u2013 w przypadku danych przetwarzanych na podstawie prawnie uzasadnionego interesu.<\/li>\n          <\/ul>\n\n          <h2>6. Odbiorcy danych<\/h2>\n          <p>\n            Dane mog\u0105 by\u0107 przekazywane podmiotom przetwarzaj\u0105cym dane na zlecenie Administratora, w szczeg\u00f3lno\u015bci:\n            dostawcom us\u0142ug IT oraz firmie hostingowej utrzymuj\u0105cej serwer strony internetowej.\n          <\/p>\n          <p>\n            Podmioty te przetwarzaj\u0105 dane wy\u0142\u0105cznie na podstawie umowy powierzenia i zgodnie z przepisami RODO.\n          <\/p>\n\n          <h2>7. Prawa osoby, kt\u00f3rej dane dotycz\u0105<\/h2>\n          <p>Osoba, kt\u00f3rej dane dotycz\u0105, ma prawo do:<\/p>\n          <ul>\n            <li>dost\u0119pu do swoich danych,<\/li>\n            <li>sprostowania danych,<\/li>\n            <li>usuni\u0119cia danych (w przypadkach przewidzianych prawem),<\/li>\n            <li>ograniczenia przetwarzania,<\/li>\n            <li>wniesienia sprzeciwu wobec przetwarzania,<\/li>\n            <li>wniesienia skargi do Prezesa Urz\u0119du Ochrony Danych Osobowych.<\/li>\n          <\/ul>\n\n          <h2>8. Pliki cookies<\/h2>\n          <p>\n            Strona mo\u017ce wykorzystywa\u0107 wy\u0142\u0105cznie techniczne pliki cookies, niezb\u0119dne do prawid\u0142owego funkcjonowania serwisu\n            (np. zwi\u0105zane z pami\u0119ci\u0105 podr\u0119czn\u0105\/cache).\n          <\/p>\n          <ul>\n            <li>Pliki te nie s\u0142u\u017c\u0105 do \u015bledzenia u\u017cytkownik\u00f3w ani do cel\u00f3w marketingowych.<\/li>\n            <li>U\u017cytkownik mo\u017ce w ka\u017cdej chwili zmieni\u0107 ustawienia przegl\u0105darki dotycz\u0105ce plik\u00f3w cookies.<\/li>\n          <\/ul>\n\n          <h2>9. Przekazywanie danych poza EOG<\/h2>\n          <p>\n            Dane osobowe co do zasady nie s\u0105 przekazywane poza Europejski Obszar Gospodarczy (EOG).\n            Je\u017celi w przysz\u0142o\u015bci nast\u0105pi zmiana w tym zakresie (np. wdro\u017cenie narz\u0119dzi zewn\u0119trznych), Administrator zaktualizuje niniejszy dokument.\n          <\/p>\n\n          <h2>10. Zabezpieczenia<\/h2>\n          <p>\n            Administrator stosuje odpowiednie \u015brodki techniczne i organizacyjne w celu ochrony danych,\n            adekwatne do skali i charakteru przetwarzania.\n          <\/p>\n\n          <h2>11. Zmiany Polityki Prywatno\u015bci<\/h2>\n          <p>\n            Administrator zastrzega sobie prawo do wprowadzania zmian w Polityce Prywatno\u015bci w przypadku zmiany przepis\u00f3w prawa\n            lub zakresu \u015bwiadczonych us\u0142ug.\n          <\/p>\n        <\/div>\n      <\/article>\n\n      <footer>\n        <div class=\"foot\">\n          <div>\n            <strong style=\"color:rgba(255,255,255,.84); font-weight:800;\">Us\u0142ugibudowlaneboles\u0142awiec.pl<\/strong>\n            <div style=\"margin-top:6px; color:rgba(255,255,255,.62); line-height:1.55;\">\n              Dane firmy: <b>JANUSZ ROSA FIRMA SPOKO<\/b> \u2022 NIP: <b>6121078352<\/b> \u2022 REGON: <b>389758712<\/b>\n            <\/div>\n          <\/div>\n\n          <div class=\"tiny-links\">\n            <a href=\"\/\">Strona g\u0142\u00f3wna<\/a>\n            <a href=\"mailto:werjgdpajanusz1@gmail.com\">Kontakt<\/a>\n          <\/div>\n        <\/div>\n      <\/footer>\n    <\/div>\n  <\/main>\n<\/body>\n<\/html>\n","protected":false},"excerpt":{"rendered":"<p>Polityka prywatno\u015bci \u2014 Us\u0142ugibudowlaneboles\u0142awiec.pl Us\u0142ugibudowlaneboles\u0142awiec.pl Dachy \u2022 Elewacje \u2022 Wyko\u0144czenia \u2190 Strona g\u0142\u00f3wna &#x2709;&#xfe0f; Napisz e-mail Strona g\u0142\u00f3wna \/ Polityka prywatno\u015bci Polityka prywatno\u015bci Poni\u017cej przedstawiamy zasady przetwarzania danych osobowych oraz wykorzystywania plik\u00f3w cookies w zwi\u0105zku z korzystaniem ze strony uslugibudowlaneboleslawiec.pl. 1. Informacje og\u00f3lne Niniejsza Polityka Prywatno\u015bci okre\u015bla zasady przetwarzania danych osobowych oraz wykorzystywania plik\u00f3w cookies [&hellip;]<\/p>\n","protected":false},"author":1,"featured_media":0,"parent":0,"menu_order":0,"comment_status":"closed","ping_status":"closed","template":"page-blank.php","meta":{"footnotes":""},"class_list":["post-16","page","type-page","status-publish","hentry"],"yoast_head":"<!-- This site is optimized with the Yoast SEO plugin v27.0 - https:\/\/yoast.com\/product\/yoast-seo-wordpress\/ -->\n<title>polityka prywatno\u015bci - Us\u0142ugi budowlane Boles\u0142awiec<\/title>\n<meta name=\"robots\" content=\"index, follow, max-snippet:-1, max-image-preview:large, max-video-preview:-1\" \/>\n<link rel=\"canonical\" href=\"https:\/\/xn--usugibudowlanebolesawiec-w7dr.pl\/index.php\/polityka-prywatnosci\/\" \/>\n<meta property=\"og:locale\" content=\"pl_PL\" \/>\n<meta property=\"og:type\" content=\"article\" \/>\n<meta property=\"og:title\" content=\"polityka prywatno\u015bci - Us\u0142ugi budowlane Boles\u0142awiec\" \/>\n<meta property=\"og:description\" content=\"Polityka prywatno\u015bci \u2014 Us\u0142ugibudowlaneboles\u0142awiec.pl Us\u0142ugibudowlaneboles\u0142awiec.pl Dachy \u2022 Elewacje \u2022 Wyko\u0144czenia \u2190 Strona g\u0142\u00f3wna &#x2709;&#xfe0f; Napisz e-mail Strona g\u0142\u00f3wna \/ Polityka prywatno\u015bci Polityka prywatno\u015bci Poni\u017cej przedstawiamy zasady przetwarzania danych osobowych oraz wykorzystywania plik\u00f3w cookies w zwi\u0105zku z korzystaniem ze strony uslugibudowlaneboleslawiec.pl. 1. Informacje og\u00f3lne Niniejsza Polityka Prywatno\u015bci okre\u015bla zasady przetwarzania danych osobowych oraz wykorzystywania plik\u00f3w cookies [&hellip;]\" \/>\n<meta property=\"og:url\" content=\"https:\/\/xn--usugibudowlanebolesawiec-w7dr.pl\/index.php\/polityka-prywatnosci\/\" \/>\n<meta property=\"og:site_name\" content=\"Us\u0142ugi budowlane Boles\u0142awiec\" \/>\n<meta property=\"article:modified_time\" content=\"2026-02-27T12:49:34+00:00\" \/>\n<meta name=\"twitter:card\" content=\"summary_large_image\" \/>\n<meta name=\"twitter:label1\" content=\"Szacowany czas czytania\" \/>\n\t<meta name=\"twitter:data1\" content=\"3 minuty\" \/>\n<script type=\"application\/ld+json\" class=\"yoast-schema-graph\">{\"@context\":\"https:\/\/schema.org\",\"@graph\":[{\"@type\":\"WebPage\",\"@id\":\"https:\/\/xn--usugibudowlanebolesawiec-w7dr.pl\/index.php\/polityka-prywatnosci\/\",\"url\":\"https:\/\/xn--usugibudowlanebolesawiec-w7dr.pl\/index.php\/polityka-prywatnosci\/\",\"name\":\"polityka prywatno\u015bci - Us\u0142ugi budowlane Boles\u0142awiec\",\"isPartOf\":{\"@id\":\"https:\/\/xn--usugibudowlanebolesawiec-w7dr.pl\/#website\"},\"datePublished\":\"2026-02-27T12:48:16+00:00\",\"dateModified\":\"2026-02-27T12:49:34+00:00\",\"breadcrumb\":{\"@id\":\"https:\/\/xn--usugibudowlanebolesawiec-w7dr.pl\/index.php\/polityka-prywatnosci\/#breadcrumb\"},\"inLanguage\":\"pl-PL\",\"potentialAction\":[{\"@type\":\"ReadAction\",\"target\":[\"https:\/\/xn--usugibudowlanebolesawiec-w7dr.pl\/index.php\/polityka-prywatnosci\/\"]}]},{\"@type\":\"BreadcrumbList\",\"@id\":\"https:\/\/xn--usugibudowlanebolesawiec-w7dr.pl\/index.php\/polityka-prywatnosci\/#breadcrumb\",\"itemListElement\":[{\"@type\":\"ListItem\",\"position\":1,\"name\":\"Strona g\u0142\u00f3wna\",\"item\":\"https:\/\/xn--usugibudowlanebolesawiec-w7dr.pl\/\"},{\"@type\":\"ListItem\",\"position\":2,\"name\":\"polityka prywatno\u015bci\"}]},{\"@type\":\"WebSite\",\"@id\":\"https:\/\/xn--usugibudowlanebolesawiec-w7dr.pl\/#website\",\"url\":\"https:\/\/xn--usugibudowlanebolesawiec-w7dr.pl\/\",\"name\":\"Us\u0142ugi budowlane Boles\u0142awiec\",\"description\":\"Us\u0142ugi Budowlane\",\"potentialAction\":[{\"@type\":\"SearchAction\",\"target\":{\"@type\":\"EntryPoint\",\"urlTemplate\":\"https:\/\/xn--usugibudowlanebolesawiec-w7dr.pl\/?s={search_term_string}\"},\"query-input\":{\"@type\":\"PropertyValueSpecification\",\"valueRequired\":true,\"valueName\":\"search_term_string\"}}],\"inLanguage\":\"pl-PL\"}]}<\/script>\n<!-- \/ Yoast SEO plugin. -->","yoast_head_json":{"title":"polityka prywatno\u015bci - Us\u0142ugi budowlane Boles\u0142awiec","robots":{"index":"index","follow":"follow","max-snippet":"max-snippet:-1","max-image-preview":"max-image-preview:large","max-video-preview":"max-video-preview:-1"},"canonical":"https:\/\/xn--usugibudowlanebolesawiec-w7dr.pl\/index.php\/polityka-prywatnosci\/","og_locale":"pl_PL","og_type":"article","og_title":"polityka prywatno\u015bci - Us\u0142ugi budowlane Boles\u0142awiec","og_description":"Polityka prywatno\u015bci \u2014 Us\u0142ugibudowlaneboles\u0142awiec.pl Us\u0142ugibudowlaneboles\u0142awiec.pl Dachy \u2022 Elewacje \u2022 Wyko\u0144czenia \u2190 Strona g\u0142\u00f3wna &#x2709;&#xfe0f; Napisz e-mail Strona g\u0142\u00f3wna \/ Polityka prywatno\u015bci Polityka prywatno\u015bci Poni\u017cej przedstawiamy zasady przetwarzania danych osobowych oraz wykorzystywania plik\u00f3w cookies w zwi\u0105zku z korzystaniem ze strony uslugibudowlaneboleslawiec.pl. 1. Informacje og\u00f3lne Niniejsza Polityka Prywatno\u015bci okre\u015bla zasady przetwarzania danych osobowych oraz wykorzystywania plik\u00f3w cookies [&hellip;]","og_url":"https:\/\/xn--usugibudowlanebolesawiec-w7dr.pl\/index.php\/polityka-prywatnosci\/","og_site_name":"Us\u0142ugi budowlane Boles\u0142awiec","article_modified_time":"2026-02-27T12:49:34+00:00","twitter_card":"summary_large_image","twitter_misc":{"Szacowany czas czytania":"3 minuty"},"schema":{"@context":"https:\/\/schema.org","@graph":[{"@type":"WebPage","@id":"https:\/\/xn--usugibudowlanebolesawiec-w7dr.pl\/index.php\/polityka-prywatnosci\/","url":"https:\/\/xn--usugibudowlanebolesawiec-w7dr.pl\/index.php\/polityka-prywatnosci\/","name":"polityka prywatno\u015bci - Us\u0142ugi budowlane Boles\u0142awiec","isPartOf":{"@id":"https:\/\/xn--usugibudowlanebolesawiec-w7dr.pl\/#website"},"datePublished":"2026-02-27T12:48:16+00:00","dateModified":"2026-02-27T12:49:34+00:00","breadcrumb":{"@id":"https:\/\/xn--usugibudowlanebolesawiec-w7dr.pl\/index.php\/polityka-prywatnosci\/#breadcrumb"},"inLanguage":"pl-PL","potentialAction":[{"@type":"ReadAction","target":["https:\/\/xn--usugibudowlanebolesawiec-w7dr.pl\/index.php\/polityka-prywatnosci\/"]}]},{"@type":"BreadcrumbList","@id":"https:\/\/xn--usugibudowlanebolesawiec-w7dr.pl\/index.php\/polityka-prywatnosci\/#breadcrumb","itemListElement":[{"@type":"ListItem","position":1,"name":"Strona g\u0142\u00f3wna","item":"https:\/\/xn--usugibudowlanebolesawiec-w7dr.pl\/"},{"@type":"ListItem","position":2,"name":"polityka prywatno\u015bci"}]},{"@type":"WebSite","@id":"https:\/\/xn--usugibudowlanebolesawiec-w7dr.pl\/#website","url":"https:\/\/xn--usugibudowlanebolesawiec-w7dr.pl\/","name":"Us\u0142ugi budowlane Boles\u0142awiec","description":"Us\u0142ugi Budowlane","potentialAction":[{"@type":"SearchAction","target":{"@type":"EntryPoint","urlTemplate":"https:\/\/xn--usugibudowlanebolesawiec-w7dr.pl\/?s={search_term_string}"},"query-input":{"@type":"PropertyValueSpecification","valueRequired":true,"valueName":"search_term_string"}}],"inLanguage":"pl-PL"}]}},"_links":{"self":[{"href":"https:\/\/xn--usugibudowlanebolesawiec-w7dr.pl\/index.php\/wp-json\/wp\/v2\/pages\/16","targetHints":{"allow":["GET"]}}],"collection":[{"href":"https:\/\/xn--usugibudowlanebolesawiec-w7dr.pl\/index.php\/wp-json\/wp\/v2\/pages"}],"about":[{"href":"https:\/\/xn--usugibudowlanebolesawiec-w7dr.pl\/index.php\/wp-json\/wp\/v2\/types\/page"}],"author":[{"embeddable":true,"href":"https:\/\/xn--usugibudowlanebolesawiec-w7dr.pl\/index.php\/wp-json\/wp\/v2\/users\/1"}],"replies":[{"embeddable":true,"href":"https:\/\/xn--usugibudowlanebolesawiec-w7dr.pl\/index.php\/wp-json\/wp\/v2\/comments?post=16"}],"version-history":[{"count":1,"href":"https:\/\/xn--usugibudowlanebolesawiec-w7dr.pl\/index.php\/wp-json\/wp\/v2\/pages\/16\/revisions"}],"predecessor-version":[{"id":17,"href":"https:\/\/xn--usugibudowlanebolesawiec-w7dr.pl\/index.php\/wp-json\/wp\/v2\/pages\/16\/revisions\/17"}],"wp:attachment":[{"href":"https:\/\/xn--usugibudowlanebolesawiec-w7dr.pl\/index.php\/wp-json\/wp\/v2\/media?parent=16"}],"curies":[{"name":"wp","href":"https:\/\/api.w.org\/{rel}","templated":true}]}}